{"id":674,"date":"2026-03-10T00:52:13","date_gmt":"2026-03-10T00:52:13","guid":{"rendered":"https:\/\/posgradofi.com.mx\/coniin2026\/?page_id=674"},"modified":"2026-03-10T00:52:13","modified_gmt":"2026-03-10T00:52:13","slug":"padiuaq","status":"publish","type":"page","link":"https:\/\/posgradofi.com.mx\/coniin2026\/padiuaq\/","title":{"rendered":"P\u00e4diUAQ"},"content":{"rendered":"\n<div class=\"wp-block-columns is-layout-flex wp-container-core-columns-is-layout-28f84493 wp-block-columns-is-layout-flex\">\n<div class=\"wp-block-column is-layout-flow wp-block-column-is-layout-flow\">\n<div class=\"wp-block-essential-blocks-text  root-eb-text-wicik\"><div class=\"eb-parent-wrapper eb-parent-eb-text-wicik \"><div class=\"eb-text-wrapper eb-text-wicik\" data-id=\"eb-text-wicik\"><p class=\"eb-text\">Este n\u00famero de la revista re\u00fane cinco contribuciones orientadas al an\u00e1lisis y la reflexi\u00f3n en el campo de la Educaci\u00f3n Matem\u00e1tica. La edici\u00f3n inicia con una editorial que plantea la importancia de considerar los aportes de la neurociencia en los procesos de ense\u00f1anza y aprendizaje de las matem\u00e1ticas.<br>En la secci\u00f3n de art\u00edculos se presentan tres trabajos que abordan distintos enfoques sobre el uso de herramientas tecnol\u00f3gicas en la educaci\u00f3n: la ense\u00f1anza de la trigonometr\u00eda mediante software din\u00e1mico, el aprendizaje de la derivada de una funci\u00f3n en entornos tecnol\u00f3gicos interactivos y el dise\u00f1o de una interfaz para la modelizaci\u00f3n y an\u00e1lisis de circuitos el\u00e9ctricos.<br>El n\u00famero concluye con la secci\u00f3n \u201cRinc\u00f3n Matem\u00e1tico\u201d, dedicada al estudio de las funciones continuas y sus derivadas, ofreciendo un espacio de divulgaci\u00f3n y reflexi\u00f3n sobre conceptos fundamentales de las matem\u00e1ticas.  Consulta la edicion completa en el enlace.<br><br>         <a href=\"https:\/\/revistas.uaq.mx\/index.php\/padi\/issue\/view\/130\">https:\/\/revistas.uaq.mx\/index.php\/padi\/issue\/view\/130<\/a><br><\/p><\/div><\/div><\/div>\n<\/div>\n\n\n\n<div class=\"wp-block-column is-layout-flow wp-block-column-is-layout-flow\">\n<figure class=\"wp-block-image size-large\"><img fetchpriority=\"high\" decoding=\"async\" width=\"724\" height=\"1024\" src=\"https:\/\/posgradofi.com.mx\/coniin2026\/wp-content\/uploads\/2026\/03\/padiuaq-724x1024.jpg\" alt=\"\" class=\"wp-image-675\" srcset=\"https:\/\/posgradofi.com.mx\/coniin2026\/wp-content\/uploads\/2026\/03\/padiuaq-724x1024.jpg 724w, https:\/\/posgradofi.com.mx\/coniin2026\/wp-content\/uploads\/2026\/03\/padiuaq-212x300.jpg 212w, https:\/\/posgradofi.com.mx\/coniin2026\/wp-content\/uploads\/2026\/03\/padiuaq-768x1086.jpg 768w, https:\/\/posgradofi.com.mx\/coniin2026\/wp-content\/uploads\/2026\/03\/padiuaq-1086x1536.jpg 1086w, https:\/\/posgradofi.com.mx\/coniin2026\/wp-content\/uploads\/2026\/03\/padiuaq-1448x2048.jpg 1448w, https:\/\/posgradofi.com.mx\/coniin2026\/wp-content\/uploads\/2026\/03\/padiuaq.jpg 1654w\" sizes=\"(max-width: 724px) 100vw, 724px\" \/><\/figure>\n<\/div>\n<\/div>\n","protected":false},"excerpt":{"rendered":"","protected":false},"author":2,"featured_media":0,"parent":0,"menu_order":0,"comment_status":"closed","ping_status":"closed","template":"","meta":{"_eb_attr":"","site-sidebar-layout":"default","site-content-layout":"","ast-site-content-layout":"default","site-content-style":"default","site-sidebar-style":"default","ast-global-header-display":"","ast-banner-title-visibility":"","ast-main-header-display":"","ast-hfb-above-header-display":"","ast-hfb-below-header-display":"","ast-hfb-mobile-header-display":"","site-post-title":"","ast-breadcrumbs-content":"","ast-featured-img":"","footer-sml-layout":"","ast-disable-related-posts":"","theme-transparent-header-meta":"","adv-header-id-meta":"","stick-header-meta":"","header-above-stick-meta":"","header-main-stick-meta":"","header-below-stick-meta":"","astra-migrate-meta-layouts":"default","ast-page-background-enabled":"default","ast-page-background-meta":{"desktop":{"background-color":"var(--ast-global-color-5)","background-image":"","background-repeat":"repeat","background-position":"center center","background-size":"auto","background-attachment":"scroll","background-type":"","background-media":"","overlay-type":"","overlay-color":"","overlay-opacity":"","overlay-gradient":""},"tablet":{"background-color":"","background-image":"","background-repeat":"repeat","background-position":"center center","background-size":"auto","background-attachment":"scroll","background-type":"","background-media":"","overlay-type":"","overlay-color":"","overlay-opacity":"","overlay-gradient":""},"mobile":{"background-color":"","background-image":"","background-repeat":"repeat","background-position":"center center","background-size":"auto","background-attachment":"scroll","background-type":"","background-media":"","overlay-type":"","overlay-color":"","overlay-opacity":"","overlay-gradient":""}},"ast-content-background-meta":{"desktop":{"background-color":"var(--ast-global-color-4)","background-image":"","background-repeat":"repeat","background-position":"center center","background-size":"auto","background-attachment":"scroll","background-type":"","background-media":"","overlay-type":"","overlay-color":"","overlay-opacity":"","overlay-gradient":""},"tablet":{"background-color":"var(--ast-global-color-4)","background-image":"","background-repeat":"repeat","background-position":"center center","background-size":"auto","background-attachment":"scroll","background-type":"","background-media":"","overlay-type":"","overlay-color":"","overlay-opacity":"","overlay-gradient":""},"mobile":{"background-color":"var(--ast-global-color-4)","background-image":"","background-repeat":"repeat","background-position":"center center","background-size":"auto","background-attachment":"scroll","background-type":"","background-media":"","overlay-type":"","overlay-color":"","overlay-opacity":"","overlay-gradient":""}},"footnotes":""},"class_list":["post-674","page","type-page","status-publish","hentry"],"_links":{"self":[{"href":"https:\/\/posgradofi.com.mx\/coniin2026\/wp-json\/wp\/v2\/pages\/674","targetHints":{"allow":["GET"]}}],"collection":[{"href":"https:\/\/posgradofi.com.mx\/coniin2026\/wp-json\/wp\/v2\/pages"}],"about":[{"href":"https:\/\/posgradofi.com.mx\/coniin2026\/wp-json\/wp\/v2\/types\/page"}],"author":[{"embeddable":true,"href":"https:\/\/posgradofi.com.mx\/coniin2026\/wp-json\/wp\/v2\/users\/2"}],"replies":[{"embeddable":true,"href":"https:\/\/posgradofi.com.mx\/coniin2026\/wp-json\/wp\/v2\/comments?post=674"}],"version-history":[{"count":1,"href":"https:\/\/posgradofi.com.mx\/coniin2026\/wp-json\/wp\/v2\/pages\/674\/revisions"}],"predecessor-version":[{"id":676,"href":"https:\/\/posgradofi.com.mx\/coniin2026\/wp-json\/wp\/v2\/pages\/674\/revisions\/676"}],"wp:attachment":[{"href":"https:\/\/posgradofi.com.mx\/coniin2026\/wp-json\/wp\/v2\/media?parent=674"}],"curies":[{"name":"wp","href":"https:\/\/api.w.org\/{rel}","templated":true}]}}