{"id":438,"date":"2026-02-21T09:37:52","date_gmt":"2026-02-21T09:37:52","guid":{"rendered":"https:\/\/posgradofi.com.mx\/coniin_web\/?page_id=438"},"modified":"2026-03-11T19:49:51","modified_gmt":"2026-03-11T19:49:51","slug":"capston-agroindustrial","status":"publish","type":"page","link":"https:\/\/posgradofi.com.mx\/coniin2026\/capston-agroindustrial\/","title":{"rendered":"Capstone Agroindustrial"},"content":{"rendered":"\n<div class=\"wp-block-essential-blocks-text  root-eb-text-ai99o\"><div class=\"eb-parent-wrapper eb-parent-eb-text-ai99o \"><div class=\"eb-text-wrapper eb-text-ai99o\" data-id=\"eb-text-ai99o\"><p class=\"eb-text\">Con el prop\u00f3sito de fomentar la innovaci\u00f3n y el desarrollo de soluciones en el \u00e1mbito agroindustrial, la Facultad de Ingenier\u00eda de la Universidad Aut\u00f3noma de Quer\u00e9taro, a trav\u00e9s de la Licenciatura en Ingenier\u00eda Agroindustrial, invita a participar en el <strong>Concurso CAPSTONE 2026 \u2013 FiUAQ<\/strong>.<br>Este concurso se realiza en el marco del <strong>Congreso Internacional de Ingenier\u00eda (CONIIN 2026)<\/strong> y con motivo de la conmemoraci\u00f3n del D\u00eda del Ingeniero Agroindustrial, promoviendo la investigaci\u00f3n aplicada, el desarrollo de proyectos agroindustriales y la difusi\u00f3n acad\u00e9mica bajo los principios de la econom\u00eda circular.<br>La convocatoria est\u00e1 dirigida a estudiantes de nivel preparatoria y licenciatura de instituciones p\u00fablicas y privadas, quienes podr\u00e1n presentar propuestas, productos o prototipos relacionados con la producci\u00f3n primaria o secundaria dentro del sector agroindustrial.<br>Te invitamos a consultar la convocatoria completa para conocer las bases de participaci\u00f3n, categor\u00edas, etapas del concurso y los requisitos para el registro de proyectos.<\/p><\/div><\/div><\/div>\n\n\n\n<figure class=\"wp-block-image aligncenter size-large\"><img fetchpriority=\"high\" decoding=\"async\" width=\"1024\" height=\"1024\" src=\"https:\/\/posgradofi.com.mx\/coniin2026\/wp-content\/uploads\/2026\/03\/capston-1024x1024.jpeg\" alt=\"\" class=\"wp-image-737\" srcset=\"https:\/\/posgradofi.com.mx\/coniin2026\/wp-content\/uploads\/2026\/03\/capston-1024x1024.jpeg 1024w, https:\/\/posgradofi.com.mx\/coniin2026\/wp-content\/uploads\/2026\/03\/capston-300x300.jpeg 300w, https:\/\/posgradofi.com.mx\/coniin2026\/wp-content\/uploads\/2026\/03\/capston-150x150.jpeg 150w, https:\/\/posgradofi.com.mx\/coniin2026\/wp-content\/uploads\/2026\/03\/capston-768x768.jpeg 768w, https:\/\/posgradofi.com.mx\/coniin2026\/wp-content\/uploads\/2026\/03\/capston.jpeg 1250w\" sizes=\"(max-width: 1024px) 100vw, 1024px\" \/><\/figure>\n\n\n\n<div class=\"wp-block-essential-blocks-text  root-eb-text-rfbiy\"><div class=\"eb-parent-wrapper eb-parent-eb-text-rfbiy \"><div class=\"eb-text-wrapper eb-text-rfbiy\" data-id=\"eb-text-rfbiy\"><p class=\"eb-text\"><strong>Consulta la convocatoria completa<\/strong><\/p><\/div><\/div><\/div>\n\n\n\n<div class=\"wp-block-buttons is-content-justification-center is-layout-flex wp-container-core-buttons-is-layout-a89b3969 wp-block-buttons-is-layout-flex\">\n<div class=\"wp-block-button\"><a class=\"wp-block-button__link wp-element-button\" href=\"https:\/\/posgradofi.com.mx\/coniin2026\/wp-content\/uploads\/2026\/03\/Coniin-Capstone-2026.pdf\">Descarga<\/a><\/div>\n<\/div>\n\n\n\n<p><\/p>\n","protected":false},"excerpt":{"rendered":"","protected":false},"author":2,"featured_media":0,"parent":0,"menu_order":0,"comment_status":"closed","ping_status":"closed","template":"","meta":{"_eb_attr":"","site-sidebar-layout":"default","site-content-layout":"","ast-site-content-layout":"default","site-content-style":"default","site-sidebar-style":"default","ast-global-header-display":"","ast-banner-title-visibility":"","ast-main-header-display":"","ast-hfb-above-header-display":"","ast-hfb-below-header-display":"","ast-hfb-mobile-header-display":"","site-post-title":"","ast-breadcrumbs-content":"","ast-featured-img":"","footer-sml-layout":"","ast-disable-related-posts":"","theme-transparent-header-meta":"","adv-header-id-meta":"","stick-header-meta":"","header-above-stick-meta":"","header-main-stick-meta":"","header-below-stick-meta":"","astra-migrate-meta-layouts":"default","ast-page-background-enabled":"default","ast-page-background-meta":{"desktop":{"background-color":"var(--ast-global-color-5)","background-image":"","background-repeat":"repeat","background-position":"center center","background-size":"auto","background-attachment":"scroll","background-type":"","background-media":"","overlay-type":"","overlay-color":"","overlay-opacity":"","overlay-gradient":""},"tablet":{"background-color":"","background-image":"","background-repeat":"repeat","background-position":"center center","background-size":"auto","background-attachment":"scroll","background-type":"","background-media":"","overlay-type":"","overlay-color":"","overlay-opacity":"","overlay-gradient":""},"mobile":{"background-color":"","background-image":"","background-repeat":"repeat","background-position":"center center","background-size":"auto","background-attachment":"scroll","background-type":"","background-media":"","overlay-type":"","overlay-color":"","overlay-opacity":"","overlay-gradient":""}},"ast-content-background-meta":{"desktop":{"background-color":"var(--ast-global-color-4)","background-image":"","background-repeat":"repeat","background-position":"center center","background-size":"auto","background-attachment":"scroll","background-type":"","background-media":"","overlay-type":"","overlay-color":"","overlay-opacity":"","overlay-gradient":""},"tablet":{"background-color":"var(--ast-global-color-4)","background-image":"","background-repeat":"repeat","background-position":"center center","background-size":"auto","background-attachment":"scroll","background-type":"","background-media":"","overlay-type":"","overlay-color":"","overlay-opacity":"","overlay-gradient":""},"mobile":{"background-color":"var(--ast-global-color-4)","background-image":"","background-repeat":"repeat","background-position":"center center","background-size":"auto","background-attachment":"scroll","background-type":"","background-media":"","overlay-type":"","overlay-color":"","overlay-opacity":"","overlay-gradient":""}},"footnotes":""},"class_list":["post-438","page","type-page","status-publish","hentry"],"_links":{"self":[{"href":"https:\/\/posgradofi.com.mx\/coniin2026\/wp-json\/wp\/v2\/pages\/438","targetHints":{"allow":["GET"]}}],"collection":[{"href":"https:\/\/posgradofi.com.mx\/coniin2026\/wp-json\/wp\/v2\/pages"}],"about":[{"href":"https:\/\/posgradofi.com.mx\/coniin2026\/wp-json\/wp\/v2\/types\/page"}],"author":[{"embeddable":true,"href":"https:\/\/posgradofi.com.mx\/coniin2026\/wp-json\/wp\/v2\/users\/2"}],"replies":[{"embeddable":true,"href":"https:\/\/posgradofi.com.mx\/coniin2026\/wp-json\/wp\/v2\/comments?post=438"}],"version-history":[{"count":7,"href":"https:\/\/posgradofi.com.mx\/coniin2026\/wp-json\/wp\/v2\/pages\/438\/revisions"}],"predecessor-version":[{"id":738,"href":"https:\/\/posgradofi.com.mx\/coniin2026\/wp-json\/wp\/v2\/pages\/438\/revisions\/738"}],"wp:attachment":[{"href":"https:\/\/posgradofi.com.mx\/coniin2026\/wp-json\/wp\/v2\/media?parent=438"}],"curies":[{"name":"wp","href":"https:\/\/api.w.org\/{rel}","templated":true}]}}