{"id":381,"date":"2026-02-21T09:35:06","date_gmt":"2026-02-21T09:35:06","guid":{"rendered":"https:\/\/posgradofi.com.mx\/coniin_web\/?page_id=381"},"modified":"2026-04-23T01:19:34","modified_gmt":"2026-04-23T01:19:34","slug":"cu","status":"publish","type":"page","link":"https:\/\/posgradofi.com.mx\/coniin2026\/cu\/","title":{"rendered":"CU"},"content":{"rendered":"\n<div class=\"wp-block-columns is-layout-flex wp-container-core-columns-is-layout-28f84493 wp-block-columns-is-layout-flex\">\n<div class=\"wp-block-column is-layout-flow wp-block-column-is-layout-flow\">\n<figure class=\"wp-block-image size-large\"><img fetchpriority=\"high\" decoding=\"async\" width=\"663\" height=\"1024\" src=\"https:\/\/posgradofi.com.mx\/coniin2026\/wp-content\/uploads\/2026\/03\/Alliance-day-2-663x1024.png\" alt=\"\" class=\"wp-image-787\" srcset=\"https:\/\/posgradofi.com.mx\/coniin2026\/wp-content\/uploads\/2026\/03\/Alliance-day-2-663x1024.png 663w, https:\/\/posgradofi.com.mx\/coniin2026\/wp-content\/uploads\/2026\/03\/Alliance-day-2-194x300.png 194w, https:\/\/posgradofi.com.mx\/coniin2026\/wp-content\/uploads\/2026\/03\/Alliance-day-2-768x1187.png 768w, https:\/\/posgradofi.com.mx\/coniin2026\/wp-content\/uploads\/2026\/03\/Alliance-day-2-994x1536.png 994w, https:\/\/posgradofi.com.mx\/coniin2026\/wp-content\/uploads\/2026\/03\/Alliance-day-2-1325x2048.png 1325w, https:\/\/posgradofi.com.mx\/coniin2026\/wp-content\/uploads\/2026\/03\/Alliance-day-2-scaled.png 1656w\" sizes=\"(max-width: 663px) 100vw, 663px\" \/><\/figure>\n<\/div>\n\n\n\n<div class=\"wp-block-column is-layout-flow wp-block-column-is-layout-flow\">\n<div class=\"wp-block-essential-blocks-text  root-eb-text-pq87d\"><div class=\"eb-parent-wrapper eb-parent-eb-text-pq87d \"><div class=\"eb-text-wrapper eb-text-pq87d\" data-id=\"eb-text-pq87d\"><p class=\"eb-text\">En el marco del CONIIN 2026: \u201cSinergia e Ingenier\u00eda: di\u00e1logo multidisciplinario para los desaf\u00edos del futuro\u201d, la Facultad de Ingenier\u00eda de la Universidad Aut\u00f3noma de Quer\u00e9taro, a trav\u00e9s de Egresados FI, te invita a participar en:<br><br>\u2699\ufe0f <strong>Alliance Day 2026<\/strong><br>Un espacio donde estudiantes, egresados y empresas se encuentran para compartir experiencias, generar conexiones profesionales y explorar oportunidades laborales.<br><br>\ud83d\udcc5 13 de mayo de 2026<br>\ud83d\udccd 4\u00b0 piso \u2013 Parque Biotecnol\u00f3gico<br>\u23f0 8:00 a 15:00 h<br>Durante el evento podr\u00e1s encontrar:<br>\ud83d\udcbc Networking con empleadores<br>\ud83c\udfe2 Stands empresariales<br>\ud83c\udfa4 Pl\u00e1ticas especializadas<br>\ud83d\udde3\ufe0f Simulaci\u00f3n de entrevistas de trabajo<br>\ud83e\udde0 Evaluaci\u00f3n de proyectos<br>\ud83c\udf81 Concursos y sorpresas<br>\ud83d\udc65 Foro de egresados<br>\u2728 Ven, conecta, aprende y descubre nuevas oportunidades para tu futuro profesional.<br><br>\ud83d\udce9 Informes:<br>educo.fin@uaq.edu.mx<\/p><\/div><\/div><\/div>\n<\/div>\n<\/div>\n\n\n\n<div class=\"wp-block-columns is-layout-flex wp-container-core-columns-is-layout-28f84493 wp-block-columns-is-layout-flex\">\n<div class=\"wp-block-column is-layout-flow wp-block-column-is-layout-flow\">\n<figure class=\"wp-block-image size-large\"><img decoding=\"async\" width=\"662\" height=\"1024\" src=\"https:\/\/posgradofi.com.mx\/coniin2026\/wp-content\/uploads\/2026\/03\/feria-de-lectura-662x1024.jpeg\" alt=\"\" class=\"wp-image-819\" srcset=\"https:\/\/posgradofi.com.mx\/coniin2026\/wp-content\/uploads\/2026\/03\/feria-de-lectura-662x1024.jpeg 662w, https:\/\/posgradofi.com.mx\/coniin2026\/wp-content\/uploads\/2026\/03\/feria-de-lectura-194x300.jpeg 194w, https:\/\/posgradofi.com.mx\/coniin2026\/wp-content\/uploads\/2026\/03\/feria-de-lectura-768x1187.jpeg 768w, https:\/\/posgradofi.com.mx\/coniin2026\/wp-content\/uploads\/2026\/03\/feria-de-lectura-994x1536.jpeg 994w, https:\/\/posgradofi.com.mx\/coniin2026\/wp-content\/uploads\/2026\/03\/feria-de-lectura.jpeg 1035w\" sizes=\"(max-width: 662px) 100vw, 662px\" \/><\/figure>\n<\/div>\n\n\n\n<div class=\"wp-block-column is-layout-flow wp-block-column-is-layout-flow\">\n<div class=\"wp-block-essential-blocks-text  root-eb-text-h9l54\"><div class=\"eb-parent-wrapper eb-parent-eb-text-h9l54 \"><div class=\"eb-text-wrapper eb-text-h9l54\" data-id=\"eb-text-h9l54\"><p class=\"eb-text\">\ud83d\udcda\u2728 \u00a1Llega la Feria de la Lectura 2026!<br><br>En el marco del CONIIN 2026, te invitamos a vivir una jornada donde las palabras, las ideas y la creatividad se encuentran.<br>\ud83d\uddd3\ufe0f 13 de mayo de 2026<br>\ud83d\udd58 Desde las 09:30 h<br>\ud83d\udccd Aula al Aire Libre, C.U.<br>Disfruta de:<br>\ud83d\udcd6 Presentaciones de libro<br>\ud83d\udcac Entrevistas y conversatorios<br>\ud83c\udfa4 Open Mic y juegos literarios<br>\u2702\ufe0f Talleres como scrap-journal, papiroflexia y uso de IA en la escritura<br>\ud83d\udcd6 \u201cLeer abre caminos y construye encuentros\u201d<br>Un espacio para dialogar, imaginar y construir comunidad a trav\u00e9s de la lectura \ud83d\udca1<br><br><strong>Redes sociales <br>Facebook<\/strong><br><a href=\"https:\/\/www.facebook.com\/share\/1E3uXcytJz\/?mibextid=wwXIfr\">https:\/\/www.facebook.com\/share\/1E3uXcytJz\/?mibextid=wwXIfr<\/a><br><br><strong>Instagram <\/strong><br><a href=\"https:\/\/www.instagram.com\/publicacionesfiuaq?igsh=MTZ6NjNsNWNuMHN3cA%3D%3D&amp;utm_source=qr\">https:\/\/www.instagram.com\/publicacionesfiuaq?igsh=MTZ6NjNsNWNuMHN3cA%3D%3D&amp;utm_source=qr<\/a><\/p><\/div><\/div><\/div>\n<\/div>\n<\/div>\n\n\n\n<div class=\"wp-block-essential-blocks-text  root-eb-text-iu3bg\"><div class=\"eb-parent-wrapper eb-parent-eb-text-iu3bg \"><div class=\"eb-text-wrapper eb-text-iu3bg\" data-id=\"eb-text-iu3bg\"><h2 class=\"eb-text\"><strong>CAMI<\/strong><\/h2><\/div><\/div><\/div>\n\n\n\n<figure class=\"wp-block-video\"><video height=\"1080\" style=\"aspect-ratio: 1920 \/ 1080;\" width=\"1920\" autoplay controls loop muted src=\"https:\/\/posgradofi.com.mx\/coniin2026\/wp-content\/uploads\/2026\/04\/IntroCAMI2026.mp4\" playsinline><\/video><\/figure>\n\n\n\n<div class=\"wp-block-essential-blocks-text  root-eb-text-opsck\"><div class=\"eb-parent-wrapper eb-parent-eb-text-opsck \"><div class=\"eb-text-wrapper eb-text-opsck\" data-id=\"eb-text-opsck\"><h4 class=\"eb-text\"><strong>CONFERENCIAS <\/strong><\/h4><\/div><\/div><\/div>\n\n\n\n<div class=\"wp-block-columns is-layout-flex wp-container-core-columns-is-layout-28f84493 wp-block-columns-is-layout-flex\">\n<div class=\"wp-block-column is-layout-flow wp-block-column-is-layout-flow\">\n<figure class=\"wp-block-image size-large\"><img decoding=\"async\" width=\"1024\" height=\"1024\" src=\"https:\/\/posgradofi.com.mx\/coniin2026\/wp-content\/uploads\/2026\/04\/SARA-1024x1024.png\" alt=\"\" class=\"wp-image-902\" srcset=\"https:\/\/posgradofi.com.mx\/coniin2026\/wp-content\/uploads\/2026\/04\/SARA-1024x1024.png 1024w, https:\/\/posgradofi.com.mx\/coniin2026\/wp-content\/uploads\/2026\/04\/SARA-300x300.png 300w, https:\/\/posgradofi.com.mx\/coniin2026\/wp-content\/uploads\/2026\/04\/SARA-150x150.png 150w, https:\/\/posgradofi.com.mx\/coniin2026\/wp-content\/uploads\/2026\/04\/SARA-768x768.png 768w, https:\/\/posgradofi.com.mx\/coniin2026\/wp-content\/uploads\/2026\/04\/SARA-1536x1536.png 1536w, https:\/\/posgradofi.com.mx\/coniin2026\/wp-content\/uploads\/2026\/04\/SARA.png 1927w\" sizes=\"(max-width: 1024px) 100vw, 1024px\" \/><\/figure>\n<\/div>\n\n\n\n<div class=\"wp-block-column is-layout-flow wp-block-column-is-layout-flow\">\n<figure class=\"wp-block-image size-large\"><img loading=\"lazy\" decoding=\"async\" width=\"1024\" height=\"1024\" src=\"https:\/\/posgradofi.com.mx\/coniin2026\/wp-content\/uploads\/2026\/04\/JOEL-1024x1024.png\" alt=\"\" class=\"wp-image-901\" srcset=\"https:\/\/posgradofi.com.mx\/coniin2026\/wp-content\/uploads\/2026\/04\/JOEL-1024x1024.png 1024w, https:\/\/posgradofi.com.mx\/coniin2026\/wp-content\/uploads\/2026\/04\/JOEL-300x300.png 300w, https:\/\/posgradofi.com.mx\/coniin2026\/wp-content\/uploads\/2026\/04\/JOEL-150x150.png 150w, https:\/\/posgradofi.com.mx\/coniin2026\/wp-content\/uploads\/2026\/04\/JOEL-768x768.png 768w, https:\/\/posgradofi.com.mx\/coniin2026\/wp-content\/uploads\/2026\/04\/JOEL-1536x1536.png 1536w, https:\/\/posgradofi.com.mx\/coniin2026\/wp-content\/uploads\/2026\/04\/JOEL.png 1926w\" sizes=\"(max-width: 1024px) 100vw, 1024px\" \/><\/figure>\n<\/div>\n\n\n\n<div class=\"wp-block-column is-layout-flow wp-block-column-is-layout-flow\">\n<figure class=\"wp-block-image size-large\"><img loading=\"lazy\" decoding=\"async\" width=\"1024\" height=\"1024\" src=\"https:\/\/posgradofi.com.mx\/coniin2026\/wp-content\/uploads\/2026\/04\/DIEGO-1024x1024.png\" alt=\"\" class=\"wp-image-900\" srcset=\"https:\/\/posgradofi.com.mx\/coniin2026\/wp-content\/uploads\/2026\/04\/DIEGO-1024x1024.png 1024w, https:\/\/posgradofi.com.mx\/coniin2026\/wp-content\/uploads\/2026\/04\/DIEGO-300x300.png 300w, https:\/\/posgradofi.com.mx\/coniin2026\/wp-content\/uploads\/2026\/04\/DIEGO-150x150.png 150w, https:\/\/posgradofi.com.mx\/coniin2026\/wp-content\/uploads\/2026\/04\/DIEGO-768x768.png 768w, https:\/\/posgradofi.com.mx\/coniin2026\/wp-content\/uploads\/2026\/04\/DIEGO-1536x1536.png 1536w, https:\/\/posgradofi.com.mx\/coniin2026\/wp-content\/uploads\/2026\/04\/DIEGO.png 1926w\" sizes=\"(max-width: 1024px) 100vw, 1024px\" \/><\/figure>\n<\/div>\n<\/div>\n\n\n\n<div class=\"wp-block-columns is-layout-flex wp-container-core-columns-is-layout-28f84493 wp-block-columns-is-layout-flex\">\n<div class=\"wp-block-column is-layout-flow wp-block-column-is-layout-flow\"><\/div>\n\n\n\n<div class=\"wp-block-column is-layout-flow wp-block-column-is-layout-flow\">\n<figure class=\"wp-block-image size-large\"><img loading=\"lazy\" decoding=\"async\" width=\"1024\" height=\"1024\" src=\"https:\/\/posgradofi.com.mx\/coniin2026\/wp-content\/uploads\/2026\/04\/ANALI-1024x1024.png\" alt=\"\" class=\"wp-image-899\" srcset=\"https:\/\/posgradofi.com.mx\/coniin2026\/wp-content\/uploads\/2026\/04\/ANALI-1024x1024.png 1024w, https:\/\/posgradofi.com.mx\/coniin2026\/wp-content\/uploads\/2026\/04\/ANALI-300x300.png 300w, https:\/\/posgradofi.com.mx\/coniin2026\/wp-content\/uploads\/2026\/04\/ANALI-150x150.png 150w, https:\/\/posgradofi.com.mx\/coniin2026\/wp-content\/uploads\/2026\/04\/ANALI-768x768.png 768w, https:\/\/posgradofi.com.mx\/coniin2026\/wp-content\/uploads\/2026\/04\/ANALI-1536x1536.png 1536w, https:\/\/posgradofi.com.mx\/coniin2026\/wp-content\/uploads\/2026\/04\/ANALI.png 1927w\" sizes=\"(max-width: 1024px) 100vw, 1024px\" \/><\/figure>\n<\/div>\n\n\n\n<div class=\"wp-block-column is-layout-flow wp-block-column-is-layout-flow\"><\/div>\n<\/div>\n\n\n\n<div class=\"wp-block-essential-blocks-text  root-eb-text-32fr4\"><div class=\"eb-parent-wrapper eb-parent-eb-text-32fr4 \"><div class=\"eb-text-wrapper eb-text-32fr4\" data-id=\"eb-text-32fr4\"><h4 class=\"eb-text\"><strong>MERCADITO<\/strong><\/h4><\/div><\/div><\/div>\n\n\n\n<div class=\"wp-block-columns is-layout-flex wp-container-core-columns-is-layout-28f84493 wp-block-columns-is-layout-flex\">\n<div class=\"wp-block-column is-layout-flow wp-block-column-is-layout-flow\">\n<figure class=\"wp-block-image size-large\"><img loading=\"lazy\" decoding=\"async\" width=\"724\" height=\"1024\" src=\"https:\/\/posgradofi.com.mx\/coniin2026\/wp-content\/uploads\/2026\/04\/PosterFinal-724x1024.png\" alt=\"\" class=\"wp-image-898\" srcset=\"https:\/\/posgradofi.com.mx\/coniin2026\/wp-content\/uploads\/2026\/04\/PosterFinal-724x1024.png 724w, https:\/\/posgradofi.com.mx\/coniin2026\/wp-content\/uploads\/2026\/04\/PosterFinal-212x300.png 212w, https:\/\/posgradofi.com.mx\/coniin2026\/wp-content\/uploads\/2026\/04\/PosterFinal-768x1086.png 768w, https:\/\/posgradofi.com.mx\/coniin2026\/wp-content\/uploads\/2026\/04\/PosterFinal-1086x1536.png 1086w, https:\/\/posgradofi.com.mx\/coniin2026\/wp-content\/uploads\/2026\/04\/PosterFinal-1448x2048.png 1448w, https:\/\/posgradofi.com.mx\/coniin2026\/wp-content\/uploads\/2026\/04\/PosterFinal-scaled.png 1810w\" sizes=\"(max-width: 724px) 100vw, 724px\" \/><\/figure>\n<\/div>\n\n\n\n<div class=\"wp-block-column is-layout-flow wp-block-column-is-layout-flow\">\n<figure class=\"wp-block-image size-large\"><img loading=\"lazy\" decoding=\"async\" width=\"1024\" height=\"1024\" src=\"https:\/\/posgradofi.com.mx\/coniin2026\/wp-content\/uploads\/2026\/04\/MERCADITO-1024x1024.png\" alt=\"\" class=\"wp-image-903\" srcset=\"https:\/\/posgradofi.com.mx\/coniin2026\/wp-content\/uploads\/2026\/04\/MERCADITO-1024x1024.png 1024w, https:\/\/posgradofi.com.mx\/coniin2026\/wp-content\/uploads\/2026\/04\/MERCADITO-300x300.png 300w, https:\/\/posgradofi.com.mx\/coniin2026\/wp-content\/uploads\/2026\/04\/MERCADITO-150x150.png 150w, https:\/\/posgradofi.com.mx\/coniin2026\/wp-content\/uploads\/2026\/04\/MERCADITO-768x768.png 768w, https:\/\/posgradofi.com.mx\/coniin2026\/wp-content\/uploads\/2026\/04\/MERCADITO-1536x1536.png 1536w, https:\/\/posgradofi.com.mx\/coniin2026\/wp-content\/uploads\/2026\/04\/MERCADITO.png 1926w\" sizes=\"(max-width: 1024px) 100vw, 1024px\" \/><\/figure>\n<\/div>\n\n\n\n<div class=\"wp-block-column is-layout-flow wp-block-column-is-layout-flow\">\n<div class=\"wp-block-essential-blocks-text  root-eb-text-gksvw\"><div class=\"eb-parent-wrapper eb-parent-eb-text-gksvw \"><div class=\"eb-text-wrapper eb-text-gksvw\" data-id=\"eb-text-gksvw\"><p class=\"eb-text\">Siguelos en Instagram <br><a href=\"https:\/\/www.instagram.com\/cami.uaq\/\">https:\/\/www.instagram.com\/cami.uaq\/<\/a><\/p><\/div><\/div><\/div>\n<\/div>\n<\/div>\n","protected":false},"excerpt":{"rendered":"","protected":false},"author":2,"featured_media":0,"parent":0,"menu_order":0,"comment_status":"closed","ping_status":"closed","template":"","meta":{"_eb_attr":"","site-sidebar-layout":"default","site-content-layout":"","ast-site-content-layout":"default","site-content-style":"default","site-sidebar-style":"default","ast-global-header-display":"","ast-banner-title-visibility":"","ast-main-header-display":"","ast-hfb-above-header-display":"","ast-hfb-below-header-display":"","ast-hfb-mobile-header-display":"","site-post-title":"","ast-breadcrumbs-content":"","ast-featured-img":"","footer-sml-layout":"","ast-disable-related-posts":"","theme-transparent-header-meta":"","adv-header-id-meta":"","stick-header-meta":"","header-above-stick-meta":"","header-main-stick-meta":"","header-below-stick-meta":"","astra-migrate-meta-layouts":"default","ast-page-background-enabled":"default","ast-page-background-meta":{"desktop":{"background-color":"var(--ast-global-color-5)","background-image":"","background-repeat":"repeat","background-position":"center center","background-size":"auto","background-attachment":"scroll","background-type":"","background-media":"","overlay-type":"","overlay-color":"","overlay-opacity":"","overlay-gradient":""},"tablet":{"background-color":"","background-image":"","background-repeat":"repeat","background-position":"center center","background-size":"auto","background-attachment":"scroll","background-type":"","background-media":"","overlay-type":"","overlay-color":"","overlay-opacity":"","overlay-gradient":""},"mobile":{"background-color":"","background-image":"","background-repeat":"repeat","background-position":"center center","background-size":"auto","background-attachment":"scroll","background-type":"","background-media":"","overlay-type":"","overlay-color":"","overlay-opacity":"","overlay-gradient":""}},"ast-content-background-meta":{"desktop":{"background-color":"var(--ast-global-color-4)","background-image":"","background-repeat":"repeat","background-position":"center center","background-size":"auto","background-attachment":"scroll","background-type":"","background-media":"","overlay-type":"","overlay-color":"","overlay-opacity":"","overlay-gradient":""},"tablet":{"background-color":"var(--ast-global-color-4)","background-image":"","background-repeat":"repeat","background-position":"center center","background-size":"auto","background-attachment":"scroll","background-type":"","background-media":"","overlay-type":"","overlay-color":"","overlay-opacity":"","overlay-gradient":""},"mobile":{"background-color":"var(--ast-global-color-4)","background-image":"","background-repeat":"repeat","background-position":"center center","background-size":"auto","background-attachment":"scroll","background-type":"","background-media":"","overlay-type":"","overlay-color":"","overlay-opacity":"","overlay-gradient":""}},"footnotes":""},"class_list":["post-381","page","type-page","status-publish","hentry"],"_links":{"self":[{"href":"https:\/\/posgradofi.com.mx\/coniin2026\/wp-json\/wp\/v2\/pages\/381","targetHints":{"allow":["GET"]}}],"collection":[{"href":"https:\/\/posgradofi.com.mx\/coniin2026\/wp-json\/wp\/v2\/pages"}],"about":[{"href":"https:\/\/posgradofi.com.mx\/coniin2026\/wp-json\/wp\/v2\/types\/page"}],"author":[{"embeddable":true,"href":"https:\/\/posgradofi.com.mx\/coniin2026\/wp-json\/wp\/v2\/users\/2"}],"replies":[{"embeddable":true,"href":"https:\/\/posgradofi.com.mx\/coniin2026\/wp-json\/wp\/v2\/comments?post=381"}],"version-history":[{"count":16,"href":"https:\/\/posgradofi.com.mx\/coniin2026\/wp-json\/wp\/v2\/pages\/381\/revisions"}],"predecessor-version":[{"id":917,"href":"https:\/\/posgradofi.com.mx\/coniin2026\/wp-json\/wp\/v2\/pages\/381\/revisions\/917"}],"wp:attachment":[{"href":"https:\/\/posgradofi.com.mx\/coniin2026\/wp-json\/wp\/v2\/media?parent=381"}],"curies":[{"name":"wp","href":"https:\/\/api.w.org\/{rel}","templated":true}]}}