{"id":380,"date":"2026-02-21T09:35:05","date_gmt":"2026-02-21T09:35:05","guid":{"rendered":"https:\/\/posgradofi.com.mx\/coniin_web\/?page_id=380"},"modified":"2026-04-15T21:04:27","modified_gmt":"2026-04-15T21:04:27","slug":"aeropuerto","status":"publish","type":"page","link":"https:\/\/posgradofi.com.mx\/coniin2026\/aeropuerto\/","title":{"rendered":"Aeropuerto"},"content":{"rendered":"\n<div class=\"wp-block-essential-blocks-text  root-eb-text-k5dsk\"><div class=\"eb-parent-wrapper eb-parent-eb-text-k5dsk \"><div class=\"eb-text-wrapper eb-text-k5dsk\" data-id=\"eb-text-k5dsk\"><p class=\"eb-text\">La Facultad de Ingenier\u00eda de la Universidad Aut\u00f3noma de Quer\u00e9taro invita a estudiantes y p\u00fablico interesado a participar en <strong>Aeroemplea<\/strong>, un espacio dise\u00f1ado para acercarte a oportunidades laborales, vinculaci\u00f3n profesional y contacto con el sector industrial.<br>El evento se llevar\u00e1 a cabo en el <strong>Campus Aeropuerto<\/strong>, donde adem\u00e1s se realizar\u00e1 el <strong><a href=\"https:\/\/posgradofi.com.mx\/coniin2026\/coloquio-de-fisica\/\" data-type=\"page\" data-id=\"357\">Coloquio de F\u00edsica<\/a><\/strong>, generando un ambiente acad\u00e9mico y profesional que promueve el intercambio de conocimiento y el desarrollo integral de los participantes.<br>Te invitamos a formar parte de esta experiencia, en la que podr\u00e1s impulsar tu futuro profesional mientras participas en actividades acad\u00e9micas de inter\u00e9s.<\/p><\/div><\/div><\/div>\n\n\n\n<div class=\"wp-block-columns is-layout-flex wp-container-core-columns-is-layout-28f84493 wp-block-columns-is-layout-flex\">\n<div class=\"wp-block-column is-layout-flow wp-block-column-is-layout-flow\">\n<figure class=\"wp-block-image size-large\"><img fetchpriority=\"high\" decoding=\"async\" width=\"576\" height=\"1024\" src=\"https:\/\/posgradofi.com.mx\/coniin2026\/wp-content\/uploads\/2026\/03\/aeroemplea-576x1024.jpeg\" alt=\"\" class=\"wp-image-777\" srcset=\"https:\/\/posgradofi.com.mx\/coniin2026\/wp-content\/uploads\/2026\/03\/aeroemplea-576x1024.jpeg 576w, https:\/\/posgradofi.com.mx\/coniin2026\/wp-content\/uploads\/2026\/03\/aeroemplea-169x300.jpeg 169w, https:\/\/posgradofi.com.mx\/coniin2026\/wp-content\/uploads\/2026\/03\/aeroemplea-768x1365.jpeg 768w, https:\/\/posgradofi.com.mx\/coniin2026\/wp-content\/uploads\/2026\/03\/aeroemplea-864x1536.jpeg 864w, https:\/\/posgradofi.com.mx\/coniin2026\/wp-content\/uploads\/2026\/03\/aeroemplea.jpeg 900w\" sizes=\"(max-width: 576px) 100vw, 576px\" \/><\/figure>\n<\/div>\n\n\n\n<div class=\"wp-block-column is-layout-flow wp-block-column-is-layout-flow\">\n<figure class=\"wp-block-image size-large\"><img decoding=\"async\" width=\"819\" height=\"1024\" src=\"https:\/\/posgradofi.com.mx\/coniin2026\/wp-content\/uploads\/2026\/03\/aero-emplea-819x1024.jpeg\" alt=\"\" class=\"wp-image-804\" srcset=\"https:\/\/posgradofi.com.mx\/coniin2026\/wp-content\/uploads\/2026\/03\/aero-emplea-819x1024.jpeg 819w, https:\/\/posgradofi.com.mx\/coniin2026\/wp-content\/uploads\/2026\/03\/aero-emplea-240x300.jpeg 240w, https:\/\/posgradofi.com.mx\/coniin2026\/wp-content\/uploads\/2026\/03\/aero-emplea-768x961.jpeg 768w, https:\/\/posgradofi.com.mx\/coniin2026\/wp-content\/uploads\/2026\/03\/aero-emplea-1228x1536.jpeg 1228w, https:\/\/posgradofi.com.mx\/coniin2026\/wp-content\/uploads\/2026\/03\/aero-emplea.jpeg 1279w\" sizes=\"(max-width: 819px) 100vw, 819px\" \/><\/figure>\n<\/div>\n\n\n\n<div class=\"wp-block-column is-layout-flow wp-block-column-is-layout-flow\">\n<figure class=\"wp-block-image size-large\"><img decoding=\"async\" width=\"819\" height=\"1024\" src=\"https:\/\/posgradofi.com.mx\/coniin2026\/wp-content\/uploads\/2026\/03\/CA-proyect-819x1024.jpeg\" alt=\"\" class=\"wp-image-805\" srcset=\"https:\/\/posgradofi.com.mx\/coniin2026\/wp-content\/uploads\/2026\/03\/CA-proyect-819x1024.jpeg 819w, https:\/\/posgradofi.com.mx\/coniin2026\/wp-content\/uploads\/2026\/03\/CA-proyect-240x300.jpeg 240w, https:\/\/posgradofi.com.mx\/coniin2026\/wp-content\/uploads\/2026\/03\/CA-proyect-768x961.jpeg 768w, https:\/\/posgradofi.com.mx\/coniin2026\/wp-content\/uploads\/2026\/03\/CA-proyect-1228x1536.jpeg 1228w, https:\/\/posgradofi.com.mx\/coniin2026\/wp-content\/uploads\/2026\/03\/CA-proyect.jpeg 1279w\" sizes=\"(max-width: 819px) 100vw, 819px\" \/><\/figure>\n<\/div>\n<\/div>\n\n\n\n<p><\/p>\n","protected":false},"excerpt":{"rendered":"","protected":false},"author":2,"featured_media":0,"parent":0,"menu_order":0,"comment_status":"closed","ping_status":"closed","template":"","meta":{"_eb_attr":"","site-sidebar-layout":"default","site-content-layout":"","ast-site-content-layout":"default","site-content-style":"default","site-sidebar-style":"default","ast-global-header-display":"","ast-banner-title-visibility":"","ast-main-header-display":"","ast-hfb-above-header-display":"","ast-hfb-below-header-display":"","ast-hfb-mobile-header-display":"","site-post-title":"","ast-breadcrumbs-content":"","ast-featured-img":"","footer-sml-layout":"","ast-disable-related-posts":"","theme-transparent-header-meta":"","adv-header-id-meta":"","stick-header-meta":"","header-above-stick-meta":"","header-main-stick-meta":"","header-below-stick-meta":"","astra-migrate-meta-layouts":"default","ast-page-background-enabled":"default","ast-page-background-meta":{"desktop":{"background-color":"var(--ast-global-color-5)","background-image":"","background-repeat":"repeat","background-position":"center center","background-size":"auto","background-attachment":"scroll","background-type":"","background-media":"","overlay-type":"","overlay-color":"","overlay-opacity":"","overlay-gradient":""},"tablet":{"background-color":"","background-image":"","background-repeat":"repeat","background-position":"center center","background-size":"auto","background-attachment":"scroll","background-type":"","background-media":"","overlay-type":"","overlay-color":"","overlay-opacity":"","overlay-gradient":""},"mobile":{"background-color":"","background-image":"","background-repeat":"repeat","background-position":"center center","background-size":"auto","background-attachment":"scroll","background-type":"","background-media":"","overlay-type":"","overlay-color":"","overlay-opacity":"","overlay-gradient":""}},"ast-content-background-meta":{"desktop":{"background-color":"var(--ast-global-color-4)","background-image":"","background-repeat":"repeat","background-position":"center center","background-size":"auto","background-attachment":"scroll","background-type":"","background-media":"","overlay-type":"","overlay-color":"","overlay-opacity":"","overlay-gradient":""},"tablet":{"background-color":"var(--ast-global-color-4)","background-image":"","background-repeat":"repeat","background-position":"center center","background-size":"auto","background-attachment":"scroll","background-type":"","background-media":"","overlay-type":"","overlay-color":"","overlay-opacity":"","overlay-gradient":""},"mobile":{"background-color":"var(--ast-global-color-4)","background-image":"","background-repeat":"repeat","background-position":"center center","background-size":"auto","background-attachment":"scroll","background-type":"","background-media":"","overlay-type":"","overlay-color":"","overlay-opacity":"","overlay-gradient":""}},"footnotes":""},"class_list":["post-380","page","type-page","status-publish","hentry"],"_links":{"self":[{"href":"https:\/\/posgradofi.com.mx\/coniin2026\/wp-json\/wp\/v2\/pages\/380","targetHints":{"allow":["GET"]}}],"collection":[{"href":"https:\/\/posgradofi.com.mx\/coniin2026\/wp-json\/wp\/v2\/pages"}],"about":[{"href":"https:\/\/posgradofi.com.mx\/coniin2026\/wp-json\/wp\/v2\/types\/page"}],"author":[{"embeddable":true,"href":"https:\/\/posgradofi.com.mx\/coniin2026\/wp-json\/wp\/v2\/users\/2"}],"replies":[{"embeddable":true,"href":"https:\/\/posgradofi.com.mx\/coniin2026\/wp-json\/wp\/v2\/comments?post=380"}],"version-history":[{"count":7,"href":"https:\/\/posgradofi.com.mx\/coniin2026\/wp-json\/wp\/v2\/pages\/380\/revisions"}],"predecessor-version":[{"id":866,"href":"https:\/\/posgradofi.com.mx\/coniin2026\/wp-json\/wp\/v2\/pages\/380\/revisions\/866"}],"wp:attachment":[{"href":"https:\/\/posgradofi.com.mx\/coniin2026\/wp-json\/wp\/v2\/media?parent=380"}],"curies":[{"name":"wp","href":"https:\/\/api.w.org\/{rel}","templated":true}]}}