{"id":375,"date":"2026-02-21T09:35:05","date_gmt":"2026-02-21T09:35:05","guid":{"rendered":"https:\/\/posgradofi.com.mx\/coniin_web\/?page_id=375"},"modified":"2026-04-24T20:21:30","modified_gmt":"2026-04-24T20:21:30","slug":"san-juan-del-rio","status":"publish","type":"page","link":"https:\/\/posgradofi.com.mx\/coniin2026\/san-juan-del-rio\/","title":{"rendered":"San Juan del Rio"},"content":{"rendered":"\n<div class=\"wp-block-essential-blocks-text  root-eb-text-gpro8\"><div class=\"eb-parent-wrapper eb-parent-eb-text-gpro8 \"><div class=\"eb-text-wrapper eb-text-gpro8\" data-id=\"eb-text-gpro8\"><p class=\"eb-text\">El <strong>Programa Especial del CONIIN 2026<\/strong> re\u00fane una serie de actividades acad\u00e9micas y formativas dise\u00f1adas para complementar la experiencia del congreso, integrando conferencias, concursos y espacios de vinculaci\u00f3n profesional.<br>A lo largo de estas jornadas, las y los participantes podr\u00e1n conocer avances en \u00e1reas clave de la ingenier\u00eda, desarrollar habilidades pr\u00e1cticas mediante retos y actividades colaborativas, ademas de acercarse a oportunidades del sector industrial.<br>Consulta a continuaci\u00f3n el programa y forma parte de estas actividades que fortalecen tu formaci\u00f3n acad\u00e9mica y profesional.<\/p><\/div><\/div><\/div>\n\n\n\n<div class=\"wp-block-buttons is-content-justification-center is-layout-flex wp-container-core-buttons-is-layout-a89b3969 wp-block-buttons-is-layout-flex\">\n<div class=\"wp-block-button\"><a class=\"wp-block-button__link wp-element-button\" href=\"https:\/\/posgradofi.com.mx\/coniin2026\/wp-content\/uploads\/2026\/04\/coniin_sjr-1-2.pdf\">Descarga<\/a><\/div>\n<\/div>\n\n\n\n<h4 class=\"wp-block-heading\"><strong>Dise\u00f1o de Catapulta<\/strong><\/h4>\n\n\n\n<div class=\"wp-block-essential-blocks-text  root-eb-text-os46l\"><div class=\"eb-parent-wrapper eb-parent-eb-text-os46l \"><div class=\"eb-text-wrapper eb-text-os46l\" data-id=\"eb-text-os46l\"><p class=\"eb-text\">La Universidad Aut\u00f3noma de Quer\u00e9taro, a trav\u00e9s de su Facultad de Ingenier\u00eda Campus San Juan del R\u00edo, te invita a participar en el concurso <strong>\u201cDise\u00f1o de Catapulta\u201d<\/strong>, una actividad enfocada en la innovaci\u00f3n, el dise\u00f1o mec\u00e1nico y la manufactura aditiva.<br>Consulta la convocatoria completa para conocer las reglas, etapas, requisitos y fechas importantes, y forma parte de esta experiencia que impulsa la creatividad y la ingenier\u00eda aplicada.<\/p><\/div><\/div><\/div>\n\n\n\n<div class=\"wp-block-columns is-layout-flex wp-container-core-columns-is-layout-28f84493 wp-block-columns-is-layout-flex\">\n<div class=\"wp-block-column is-layout-flow wp-block-column-is-layout-flow\" style=\"flex-basis:25%\"><\/div>\n\n\n\n<div class=\"wp-block-column is-layout-flow wp-block-column-is-layout-flow\" style=\"flex-basis:50%\">\n<figure class=\"wp-block-image size-large\"><img fetchpriority=\"high\" decoding=\"async\" width=\"1024\" height=\"1024\" src=\"https:\/\/posgradofi.com.mx\/coniin2026\/wp-content\/uploads\/2026\/04\/Banner-Catapulta-puras-1-1024x1024.png\" alt=\"\" class=\"wp-image-886\" srcset=\"https:\/\/posgradofi.com.mx\/coniin2026\/wp-content\/uploads\/2026\/04\/Banner-Catapulta-puras-1-1024x1024.png 1024w, https:\/\/posgradofi.com.mx\/coniin2026\/wp-content\/uploads\/2026\/04\/Banner-Catapulta-puras-1-300x300.png 300w, https:\/\/posgradofi.com.mx\/coniin2026\/wp-content\/uploads\/2026\/04\/Banner-Catapulta-puras-1-150x150.png 150w, https:\/\/posgradofi.com.mx\/coniin2026\/wp-content\/uploads\/2026\/04\/Banner-Catapulta-puras-1-768x768.png 768w, https:\/\/posgradofi.com.mx\/coniin2026\/wp-content\/uploads\/2026\/04\/Banner-Catapulta-puras-1-1536x1536.png 1536w, https:\/\/posgradofi.com.mx\/coniin2026\/wp-content\/uploads\/2026\/04\/Banner-Catapulta-puras-1-2048x2048.png 2048w\" sizes=\"(max-width: 1024px) 100vw, 1024px\" \/><\/figure>\n<\/div>\n\n\n\n<div class=\"wp-block-column is-layout-flow wp-block-column-is-layout-flow\" style=\"flex-basis:25%\"><\/div>\n<\/div>\n\n\n\n<div class=\"wp-block-buttons is-content-justification-center is-layout-flex wp-container-core-buttons-is-layout-a89b3969 wp-block-buttons-is-layout-flex\">\n<div class=\"wp-block-button\"><a class=\"wp-block-button__link wp-element-button\" href=\"https:\/\/posgradofi.com.mx\/coniin2026\/wp-content\/uploads\/2026\/04\/Diseno-de-Catapulta_correcciones.pdf\">Descarga<\/a><\/div>\n<\/div>\n","protected":false},"excerpt":{"rendered":"<p>Dise\u00f1o de Catapulta<\/p>\n","protected":false},"author":2,"featured_media":0,"parent":0,"menu_order":0,"comment_status":"closed","ping_status":"closed","template":"","meta":{"_eb_attr":"","site-sidebar-layout":"default","site-content-layout":"","ast-site-content-layout":"default","site-content-style":"default","site-sidebar-style":"default","ast-global-header-display":"","ast-banner-title-visibility":"","ast-main-header-display":"","ast-hfb-above-header-display":"","ast-hfb-below-header-display":"","ast-hfb-mobile-header-display":"","site-post-title":"","ast-breadcrumbs-content":"","ast-featured-img":"","footer-sml-layout":"","ast-disable-related-posts":"","theme-transparent-header-meta":"","adv-header-id-meta":"","stick-header-meta":"","header-above-stick-meta":"","header-main-stick-meta":"","header-below-stick-meta":"","astra-migrate-meta-layouts":"default","ast-page-background-enabled":"default","ast-page-background-meta":{"desktop":{"background-color":"var(--ast-global-color-5)","background-image":"","background-repeat":"repeat","background-position":"center center","background-size":"auto","background-attachment":"scroll","background-type":"","background-media":"","overlay-type":"","overlay-color":"","overlay-opacity":"","overlay-gradient":""},"tablet":{"background-color":"","background-image":"","background-repeat":"repeat","background-position":"center center","background-size":"auto","background-attachment":"scroll","background-type":"","background-media":"","overlay-type":"","overlay-color":"","overlay-opacity":"","overlay-gradient":""},"mobile":{"background-color":"","background-image":"","background-repeat":"repeat","background-position":"center center","background-size":"auto","background-attachment":"scroll","background-type":"","background-media":"","overlay-type":"","overlay-color":"","overlay-opacity":"","overlay-gradient":""}},"ast-content-background-meta":{"desktop":{"background-color":"var(--ast-global-color-4)","background-image":"","background-repeat":"repeat","background-position":"center center","background-size":"auto","background-attachment":"scroll","background-type":"","background-media":"","overlay-type":"","overlay-color":"","overlay-opacity":"","overlay-gradient":""},"tablet":{"background-color":"var(--ast-global-color-4)","background-image":"","background-repeat":"repeat","background-position":"center center","background-size":"auto","background-attachment":"scroll","background-type":"","background-media":"","overlay-type":"","overlay-color":"","overlay-opacity":"","overlay-gradient":""},"mobile":{"background-color":"var(--ast-global-color-4)","background-image":"","background-repeat":"repeat","background-position":"center center","background-size":"auto","background-attachment":"scroll","background-type":"","background-media":"","overlay-type":"","overlay-color":"","overlay-opacity":"","overlay-gradient":""}},"footnotes":""},"class_list":["post-375","page","type-page","status-publish","hentry"],"_links":{"self":[{"href":"https:\/\/posgradofi.com.mx\/coniin2026\/wp-json\/wp\/v2\/pages\/375","targetHints":{"allow":["GET"]}}],"collection":[{"href":"https:\/\/posgradofi.com.mx\/coniin2026\/wp-json\/wp\/v2\/pages"}],"about":[{"href":"https:\/\/posgradofi.com.mx\/coniin2026\/wp-json\/wp\/v2\/types\/page"}],"author":[{"embeddable":true,"href":"https:\/\/posgradofi.com.mx\/coniin2026\/wp-json\/wp\/v2\/users\/2"}],"replies":[{"embeddable":true,"href":"https:\/\/posgradofi.com.mx\/coniin2026\/wp-json\/wp\/v2\/comments?post=375"}],"version-history":[{"count":8,"href":"https:\/\/posgradofi.com.mx\/coniin2026\/wp-json\/wp\/v2\/pages\/375\/revisions"}],"predecessor-version":[{"id":923,"href":"https:\/\/posgradofi.com.mx\/coniin2026\/wp-json\/wp\/v2\/pages\/375\/revisions\/923"}],"wp:attachment":[{"href":"https:\/\/posgradofi.com.mx\/coniin2026\/wp-json\/wp\/v2\/media?parent=375"}],"curies":[{"name":"wp","href":"https:\/\/api.w.org\/{rel}","templated":true}]}}