{"id":369,"date":"2026-02-21T09:35:05","date_gmt":"2026-02-21T09:35:05","guid":{"rendered":"https:\/\/posgradofi.com.mx\/coniin_web\/?page_id=369"},"modified":"2026-03-19T05:52:26","modified_gmt":"2026-03-19T05:52:26","slug":"catenaria","status":"publish","type":"page","link":"https:\/\/posgradofi.com.mx\/coniin2026\/catenaria\/","title":{"rendered":"Catenaria"},"content":{"rendered":"\n<div class=\"wp-block-essential-blocks-text  root-eb-text-tr7lb\"><div class=\"eb-parent-wrapper eb-parent-eb-text-tr7lb \"><div class=\"eb-text-wrapper eb-text-tr7lb\" data-id=\"eb-text-tr7lb\"><p class=\"eb-text\">El Congreso Internacional de Ingenier\u00eda (CONIIN) se ha consolidado como un espacio de encuentro para el intercambio de ideas, la divulgaci\u00f3n cient\u00edfica y la innovaci\u00f3n tecnol\u00f3gica. En el marco del CONIIN 2026, se convoca al Concurso de Arco Catenaria, una actividad acad\u00e9mica y experimental que invita a las y los estudiantes a explorar la relaci\u00f3n entre geometr\u00eda, f\u00edsica, ingenier\u00eda, arquitectura y creatividad.<br><br>La catenaria es la curva natural que describe un elemento flexible sometido a su propio peso. Al invertirse, esta curva se transforma en la geometr\u00eda \u00f3ptima para un arco que trabaja \u00fanicamente a compresi\u00f3n, principio estudiado por Robert Hooke y magistralmente aplicado por Antoni Gaud\u00ed. Este concurso busca poner en pr\u00e1ctica estos fundamentos mediante la construcci\u00f3n de un arco autoportante, destacando la eficiencia estructural, el uso consciente de materiales y la innovaci\u00f3n formal.<\/p><\/div><\/div><\/div>\n\n\n\n<p class=\"has-text-align-center\">  <strong>Descarga la convocatoria completa aqu\u00ed&nbsp;<\/strong><\/p>\n\n\n\n<figure class=\"wp-block-image aligncenter size-large\"><img fetchpriority=\"high\" decoding=\"async\" width=\"1024\" height=\"1024\" src=\"https:\/\/posgradofi.com.mx\/coniin2026\/wp-content\/uploads\/2026\/03\/Concurso-Arco-Catenario-1024x1024.jpeg\" alt=\"\" class=\"wp-image-771\" srcset=\"https:\/\/posgradofi.com.mx\/coniin2026\/wp-content\/uploads\/2026\/03\/Concurso-Arco-Catenario-1024x1024.jpeg 1024w, https:\/\/posgradofi.com.mx\/coniin2026\/wp-content\/uploads\/2026\/03\/Concurso-Arco-Catenario-300x300.jpeg 300w, https:\/\/posgradofi.com.mx\/coniin2026\/wp-content\/uploads\/2026\/03\/Concurso-Arco-Catenario-150x150.jpeg 150w, https:\/\/posgradofi.com.mx\/coniin2026\/wp-content\/uploads\/2026\/03\/Concurso-Arco-Catenario-768x768.jpeg 768w, https:\/\/posgradofi.com.mx\/coniin2026\/wp-content\/uploads\/2026\/03\/Concurso-Arco-Catenario.jpeg 1250w\" sizes=\"(max-width: 1024px) 100vw, 1024px\" \/><\/figure>\n\n\n\n<div class=\"wp-block-essential-blocks-button  root-eb-button-j049l\"><div class=\"eb-parent-wrapper eb-parent-eb-button-j049l \"><div class=\"eb-button-wrapper eb-button-alignment eb-button-j049l\"><div class=\"eb-button\"><div class=\"eb-button-inner-wrapper \"><a class=\"eb-button-anchor  \" href=\"https:\/\/posgradofi.com.mx\/coniin2026\/wp-content\/uploads\/2026\/03\/Convocatoria-Concurso-Arco-3.pdf\" rel=\"noopener\">Descargar<\/a><\/div><\/div><\/div><\/div><\/div>\n","protected":false},"excerpt":{"rendered":"<p>Descarga la convocatoria completa aqu\u00ed&nbsp;<\/p>\n","protected":false},"author":2,"featured_media":0,"parent":0,"menu_order":0,"comment_status":"closed","ping_status":"closed","template":"","meta":{"_eb_attr":"","site-sidebar-layout":"default","site-content-layout":"","ast-site-content-layout":"default","site-content-style":"default","site-sidebar-style":"default","ast-global-header-display":"","ast-banner-title-visibility":"","ast-main-header-display":"","ast-hfb-above-header-display":"","ast-hfb-below-header-display":"","ast-hfb-mobile-header-display":"","site-post-title":"","ast-breadcrumbs-content":"","ast-featured-img":"","footer-sml-layout":"","ast-disable-related-posts":"","theme-transparent-header-meta":"","adv-header-id-meta":"","stick-header-meta":"","header-above-stick-meta":"","header-main-stick-meta":"","header-below-stick-meta":"","astra-migrate-meta-layouts":"default","ast-page-background-enabled":"default","ast-page-background-meta":{"desktop":{"background-color":"var(--ast-global-color-5)","background-image":"","background-repeat":"repeat","background-position":"center center","background-size":"auto","background-attachment":"scroll","background-type":"","background-media":"","overlay-type":"","overlay-color":"","overlay-opacity":"","overlay-gradient":""},"tablet":{"background-color":"","background-image":"","background-repeat":"repeat","background-position":"center center","background-size":"auto","background-attachment":"scroll","background-type":"","background-media":"","overlay-type":"","overlay-color":"","overlay-opacity":"","overlay-gradient":""},"mobile":{"background-color":"","background-image":"","background-repeat":"repeat","background-position":"center center","background-size":"auto","background-attachment":"scroll","background-type":"","background-media":"","overlay-type":"","overlay-color":"","overlay-opacity":"","overlay-gradient":""}},"ast-content-background-meta":{"desktop":{"background-color":"var(--ast-global-color-4)","background-image":"","background-repeat":"repeat","background-position":"center center","background-size":"auto","background-attachment":"scroll","background-type":"","background-media":"","overlay-type":"","overlay-color":"","overlay-opacity":"","overlay-gradient":""},"tablet":{"background-color":"var(--ast-global-color-4)","background-image":"","background-repeat":"repeat","background-position":"center center","background-size":"auto","background-attachment":"scroll","background-type":"","background-media":"","overlay-type":"","overlay-color":"","overlay-opacity":"","overlay-gradient":""},"mobile":{"background-color":"var(--ast-global-color-4)","background-image":"","background-repeat":"repeat","background-position":"center center","background-size":"auto","background-attachment":"scroll","background-type":"","background-media":"","overlay-type":"","overlay-color":"","overlay-opacity":"","overlay-gradient":""}},"footnotes":""},"class_list":["post-369","page","type-page","status-publish","hentry"],"_links":{"self":[{"href":"https:\/\/posgradofi.com.mx\/coniin2026\/wp-json\/wp\/v2\/pages\/369","targetHints":{"allow":["GET"]}}],"collection":[{"href":"https:\/\/posgradofi.com.mx\/coniin2026\/wp-json\/wp\/v2\/pages"}],"about":[{"href":"https:\/\/posgradofi.com.mx\/coniin2026\/wp-json\/wp\/v2\/types\/page"}],"author":[{"embeddable":true,"href":"https:\/\/posgradofi.com.mx\/coniin2026\/wp-json\/wp\/v2\/users\/2"}],"replies":[{"embeddable":true,"href":"https:\/\/posgradofi.com.mx\/coniin2026\/wp-json\/wp\/v2\/comments?post=369"}],"version-history":[{"count":9,"href":"https:\/\/posgradofi.com.mx\/coniin2026\/wp-json\/wp\/v2\/pages\/369\/revisions"}],"predecessor-version":[{"id":772,"href":"https:\/\/posgradofi.com.mx\/coniin2026\/wp-json\/wp\/v2\/pages\/369\/revisions\/772"}],"wp:attachment":[{"href":"https:\/\/posgradofi.com.mx\/coniin2026\/wp-json\/wp\/v2\/media?parent=369"}],"curies":[{"name":"wp","href":"https:\/\/api.w.org\/{rel}","templated":true}]}}