{"id":364,"date":"2026-02-21T09:35:05","date_gmt":"2026-02-21T09:35:05","guid":{"rendered":"https:\/\/posgradofi.com.mx\/coniin_web\/?page_id=364"},"modified":"2026-03-04T00:22:23","modified_gmt":"2026-03-04T00:22:23","slug":"perspectivas","status":"publish","type":"page","link":"https:\/\/posgradofi.com.mx\/coniin2026\/perspectivas\/","title":{"rendered":"Perspectivas"},"content":{"rendered":"\n<div class=\"wp-block-columns is-layout-flex wp-container-core-columns-is-layout-28f84493 wp-block-columns-is-layout-flex\">\n<div class=\"wp-block-column is-layout-flow wp-block-column-is-layout-flow\" style=\"flex-basis:100%\">\n<div class=\"wp-block-columns is-layout-flex wp-container-core-columns-is-layout-28f84493 wp-block-columns-is-layout-flex\">\n<div class=\"wp-block-column is-layout-flow wp-block-column-is-layout-flow\">\n<div class=\"wp-block-essential-blocks-text  root-eb-text-s3zvs\"><div class=\"eb-parent-wrapper eb-parent-eb-text-s3zvs \"><div class=\"eb-text-wrapper eb-text-s3zvs\" data-id=\"eb-text-s3zvs\"><p class=\"eb-text\">Como parte del compromiso del CONIIN con la excelencia acad\u00e9mica y la difusi\u00f3n del conocimiento cient\u00edfico, los trabajos que obtengan las evaluaciones m\u00e1s sobresalientes durante el proceso de dictaminaci\u00f3n ser\u00e1n propuestos para su publicaci\u00f3n en la Revista Perspectivas de la Ciencia y la Tecnolog\u00eda, previa adecuaci\u00f3n editorial y cumplimiento de los lineamientos establecidos por la revista. Esta distinci\u00f3n reconoce la calidad, originalidad y rigor metodol\u00f3gico de las contribuciones presentadas en el Congreso, y representa una oportunidad para que los autores ampl\u00eden el alcance e impacto de sus investigaciones en la comunidad acad\u00e9mica.<br>Perspectivas de la Ciencia y la Tecnolog\u00eda (ISSN: 2683-3107) es una revista semestral publicada por la Universidad Aut\u00f3noma de Quer\u00e9taro, a trav\u00e9s de la Divisi\u00f3n de Investigaci\u00f3n y Posgrado de la Facultad de Ingenier\u00eda. Los contenidos incluyen art\u00edculos originales, rese\u00f1as y estudios que han resultado de proyectos que siguen un riguroso proceso de investigaci\u00f3n o de una aplicaci\u00f3n innovadora en las \u00e1reas de estudio de la Ingenier\u00eda.<br>                                           <a href=\"https:\/\/revistas.uaq.mx\/index.php\/perspectivas\/index\">https:\/\/revistas.uaq.mx\/index.php\/perspectivas\/index<\/a><\/p><\/div><\/div><\/div>\n<\/div>\n\n\n\n<div class=\"wp-block-column is-layout-flow wp-block-column-is-layout-flow\">\n<figure class=\"wp-block-image aligncenter size-large is-resized\"><img fetchpriority=\"high\" decoding=\"async\" width=\"724\" height=\"1024\" src=\"https:\/\/posgradofi.com.mx\/coniin2026\/wp-content\/uploads\/2026\/03\/perspectivas-724x1024.jpeg\" alt=\"\" class=\"wp-image-634\" style=\"aspect-ratio:0.7070238246103155;width:491px;height:auto\" srcset=\"https:\/\/posgradofi.com.mx\/coniin2026\/wp-content\/uploads\/2026\/03\/perspectivas-724x1024.jpeg 724w, https:\/\/posgradofi.com.mx\/coniin2026\/wp-content\/uploads\/2026\/03\/perspectivas-212x300.jpeg 212w, https:\/\/posgradofi.com.mx\/coniin2026\/wp-content\/uploads\/2026\/03\/perspectivas-768x1086.jpeg 768w, https:\/\/posgradofi.com.mx\/coniin2026\/wp-content\/uploads\/2026\/03\/perspectivas-1086x1536.jpeg 1086w, https:\/\/posgradofi.com.mx\/coniin2026\/wp-content\/uploads\/2026\/03\/perspectivas.jpeg 1131w\" sizes=\"(max-width: 724px) 100vw, 724px\" \/><\/figure>\n<\/div>\n<\/div>\n<\/div>\n<\/div>\n\n\n\n<p><\/p>\n","protected":false},"excerpt":{"rendered":"","protected":false},"author":2,"featured_media":0,"parent":0,"menu_order":0,"comment_status":"closed","ping_status":"closed","template":"","meta":{"_eb_attr":"","site-sidebar-layout":"default","site-content-layout":"","ast-site-content-layout":"default","site-content-style":"default","site-sidebar-style":"default","ast-global-header-display":"","ast-banner-title-visibility":"","ast-main-header-display":"","ast-hfb-above-header-display":"","ast-hfb-below-header-display":"","ast-hfb-mobile-header-display":"","site-post-title":"","ast-breadcrumbs-content":"","ast-featured-img":"","footer-sml-layout":"","ast-disable-related-posts":"","theme-transparent-header-meta":"","adv-header-id-meta":"","stick-header-meta":"","header-above-stick-meta":"","header-main-stick-meta":"","header-below-stick-meta":"","astra-migrate-meta-layouts":"default","ast-page-background-enabled":"default","ast-page-background-meta":{"desktop":{"background-color":"var(--ast-global-color-5)","background-image":"","background-repeat":"repeat","background-position":"center center","background-size":"auto","background-attachment":"scroll","background-type":"","background-media":"","overlay-type":"","overlay-color":"","overlay-opacity":"","overlay-gradient":""},"tablet":{"background-color":"","background-image":"","background-repeat":"repeat","background-position":"center center","background-size":"auto","background-attachment":"scroll","background-type":"","background-media":"","overlay-type":"","overlay-color":"","overlay-opacity":"","overlay-gradient":""},"mobile":{"background-color":"","background-image":"","background-repeat":"repeat","background-position":"center center","background-size":"auto","background-attachment":"scroll","background-type":"","background-media":"","overlay-type":"","overlay-color":"","overlay-opacity":"","overlay-gradient":""}},"ast-content-background-meta":{"desktop":{"background-color":"var(--ast-global-color-4)","background-image":"","background-repeat":"repeat","background-position":"center center","background-size":"auto","background-attachment":"scroll","background-type":"","background-media":"","overlay-type":"","overlay-color":"","overlay-opacity":"","overlay-gradient":""},"tablet":{"background-color":"var(--ast-global-color-4)","background-image":"","background-repeat":"repeat","background-position":"center center","background-size":"auto","background-attachment":"scroll","background-type":"","background-media":"","overlay-type":"","overlay-color":"","overlay-opacity":"","overlay-gradient":""},"mobile":{"background-color":"var(--ast-global-color-4)","background-image":"","background-repeat":"repeat","background-position":"center center","background-size":"auto","background-attachment":"scroll","background-type":"","background-media":"","overlay-type":"","overlay-color":"","overlay-opacity":"","overlay-gradient":""}},"footnotes":""},"class_list":["post-364","page","type-page","status-publish","hentry"],"_links":{"self":[{"href":"https:\/\/posgradofi.com.mx\/coniin2026\/wp-json\/wp\/v2\/pages\/364","targetHints":{"allow":["GET"]}}],"collection":[{"href":"https:\/\/posgradofi.com.mx\/coniin2026\/wp-json\/wp\/v2\/pages"}],"about":[{"href":"https:\/\/posgradofi.com.mx\/coniin2026\/wp-json\/wp\/v2\/types\/page"}],"author":[{"embeddable":true,"href":"https:\/\/posgradofi.com.mx\/coniin2026\/wp-json\/wp\/v2\/users\/2"}],"replies":[{"embeddable":true,"href":"https:\/\/posgradofi.com.mx\/coniin2026\/wp-json\/wp\/v2\/comments?post=364"}],"version-history":[{"count":5,"href":"https:\/\/posgradofi.com.mx\/coniin2026\/wp-json\/wp\/v2\/pages\/364\/revisions"}],"predecessor-version":[{"id":637,"href":"https:\/\/posgradofi.com.mx\/coniin2026\/wp-json\/wp\/v2\/pages\/364\/revisions\/637"}],"wp:attachment":[{"href":"https:\/\/posgradofi.com.mx\/coniin2026\/wp-json\/wp\/v2\/media?parent=364"}],"curies":[{"name":"wp","href":"https:\/\/api.w.org\/{rel}","templated":true}]}}