{"id":363,"date":"2026-02-21T09:35:05","date_gmt":"2026-02-21T09:35:05","guid":{"rendered":"https:\/\/posgradofi.com.mx\/coniin_web\/?page_id=363"},"modified":"2026-04-28T01:27:50","modified_gmt":"2026-04-28T01:27:50","slug":"inscripcion","status":"publish","type":"page","link":"https:\/\/posgradofi.com.mx\/coniin2026\/inscripcion\/","title":{"rendered":"Inscripci\u00f3n"},"content":{"rendered":"\n<div class=\"wp-block-essential-blocks-text  root-eb-text-8d9pe\"><div class=\"eb-parent-wrapper eb-parent-eb-text-8d9pe \"><div class=\"eb-text-wrapper eb-text-8d9pe\" data-id=\"eb-text-8d9pe\"><p class=\"eb-text\">Para completar tu registro al <strong>Congreso Internacional de Ingenier\u00eda (CONIIN 2026)<\/strong>, es necesario realizar el pago correspondiente a trav\u00e9s de las ligas oficiales de la Universidad Aut\u00f3noma de Quer\u00e9taro.<br>Selecciona la liga que corresponda a tu tipo de participaci\u00f3n (comunidad UAQ o externo) y sigue las instrucciones para generar tu recibo de pago. Una vez realizado el pago, deber\u00e1s <strong>llenar el formulario de registro y subir tu comprobante<\/strong> para validar tu inscripci\u00f3n.<br>Es importante completar ambos pasos para que tu participaci\u00f3n quede registrada correctamente. Te recomendamos conservar tu comprobante hasta recibir la confirmaci\u00f3n de tu registro.<br>A continuaci\u00f3n encontrar\u00e1s las ligas oficiales para generar tu recibo de pago:<\/p><\/div><\/div><\/div>\n\n\n\n<div class=\"wp-block-essential-blocks-text  root-eb-text-91asf\"><div class=\"eb-parent-wrapper eb-parent-eb-text-91asf \"><div class=\"eb-text-wrapper eb-text-91asf\" data-id=\"eb-text-91asf\"><p class=\"eb-text\">Tu registro quedar\u00e1 confirmado \u00fanicamente despu\u00e9s de completar <strong>el pago y el env\u00edo del comprobante<\/strong> en el formulario correspondiente.<\/p><\/div><\/div><\/div>\n\n\n\n<h3 class=\"wp-block-heading\">Congreso Internacional de Ingenier\u00eda (CONIIN 2026)<\/h3>\n\n\n\n<div class=\"wp-block-essential-blocks-text  root-eb-text-kkjk8\"><div class=\"eb-parent-wrapper eb-parent-eb-text-kkjk8 \"><div class=\"eb-text-wrapper eb-text-kkjk8\" data-id=\"eb-text-kkjk8\"><p class=\"eb-text\"><strong>Comunidad UAQ<\/strong>  <br><a href=\"https:\/\/comunidad.uaq.mx:8011\/InscripcionGeneral\/Inscripcon.jsp?cc=90996\">https:\/\/comunidad.uaq.mx:8011\/InscripcionGeneral\/Inscripcon.jsp?cc=90996<\/a><\/p><\/div><\/div><\/div>\n\n\n\n<div class=\"wp-block-essential-blocks-text  root-eb-text-fxaks\"><div class=\"eb-parent-wrapper eb-parent-eb-text-fxaks \"><div class=\"eb-text-wrapper eb-text-fxaks\" data-id=\"eb-text-fxaks\"><p class=\"eb-text\"><strong>Participantes externos<\/strong><br><a href=\"https:\/\/comunidad.uaq.mx:8011\/InscripcionGeneral\/Inscripcon.jsp?cc=90995\">https:\/\/comunidad.uaq.mx:8011\/InscripcionGeneral\/Inscripcon.jsp?cc=90995<\/a><\/p><\/div><\/div><\/div>\n\n\n\n<div class=\"wp-block-essential-blocks-text  root-eb-text-k9257\"><div class=\"eb-parent-wrapper eb-parent-eb-text-k9257 \"><div class=\"eb-text-wrapper eb-text-k9257\" data-id=\"eb-text-k9257\"><p class=\"eb-text\"><strong>Enlace para envio de comprobante<\/strong><br><a href=\"https:\/\/docs.google.com\/forms\/d\/e\/1FAIpQLSfa8LsnMFR6X8TACPZKOvO56lGfyMFqTxIt4Z224YR7GfpaDg\/viewform?usp=publish-editor\">https:\/\/docs.google.com\/forms\/d\/e\/1FAIpQLSfa8LsnMFR6X8TACPZKOvO56lGfyMFqTxIt4Z224YR7GfpaDg\/viewform?usp=publish-editor<\/a><\/p><\/div><\/div><\/div>\n\n\n\n<div class=\"wp-block-essential-blocks-text  root-eb-text-vbdsl\"><div class=\"eb-parent-wrapper eb-parent-eb-text-vbdsl \"><div class=\"eb-text-wrapper eb-text-vbdsl\" data-id=\"eb-text-vbdsl\"><h4 class=\"eb-text\"><strong>Plantillas para la entrega de trabajos<\/strong><\/h4><\/div><\/div><\/div>\n\n\n\n<div class=\"wp-block-file\"><a id=\"wp-block-file--media-2866502e-69cb-4624-ac43-cb281c3212e8\" href=\"https:\/\/posgradofi.com.mx\/coniin2026\/wp-content\/uploads\/2026\/04\/Template-Presentacion-coniin-26-1.pptx\">Template Presentaci\u00f3n coniin 26 1<\/a><a href=\"https:\/\/posgradofi.com.mx\/coniin2026\/wp-content\/uploads\/2026\/04\/Template-Presentacion-coniin-26-1.pptx\" class=\"wp-block-file__button wp-element-button\" download aria-describedby=\"wp-block-file--media-2866502e-69cb-4624-ac43-cb281c3212e8\">Descarga<\/a><\/div>\n\n\n\n<div class=\"wp-block-file\"><a id=\"wp-block-file--media-90f61480-b941-4e2d-95b2-6739f2639c3b\" href=\"https:\/\/posgradofi.com.mx\/coniin2026\/wp-content\/uploads\/2026\/03\/template-Poster-coniin.pptx\">template Poster coniin<\/a><a href=\"https:\/\/posgradofi.com.mx\/coniin2026\/wp-content\/uploads\/2026\/03\/template-Poster-coniin.pptx\" class=\"wp-block-file__button wp-element-button\" download aria-describedby=\"wp-block-file--media-90f61480-b941-4e2d-95b2-6739f2639c3b\">Descarga<\/a><\/div>\n\n\n\n<div class=\"wp-block-file\"><a id=\"wp-block-file--media-869b3535-c32a-494c-8062-40831fdd58f6\" href=\"https:\/\/posgradofi.com.mx\/coniin2026\/wp-content\/uploads\/2026\/02\/2026_Template-CONIIN.docx\">2026_Template CONIIN<\/a><a href=\"https:\/\/posgradofi.com.mx\/coniin2026\/wp-content\/uploads\/2026\/02\/2026_Template-CONIIN.docx\" class=\"wp-block-file__button wp-element-button\" download aria-describedby=\"wp-block-file--media-869b3535-c32a-494c-8062-40831fdd58f6\">Descarga<\/a><\/div>\n\n\n\n<p><\/p>\n","protected":false},"excerpt":{"rendered":"<p>Congreso Internacional de Ingenier\u00eda (CONIIN 2026)<\/p>\n","protected":false},"author":2,"featured_media":0,"parent":0,"menu_order":0,"comment_status":"closed","ping_status":"closed","template":"","meta":{"_eb_attr":"","site-sidebar-layout":"default","site-content-layout":"","ast-site-content-layout":"default","site-content-style":"default","site-sidebar-style":"default","ast-global-header-display":"","ast-banner-title-visibility":"","ast-main-header-display":"","ast-hfb-above-header-display":"","ast-hfb-below-header-display":"","ast-hfb-mobile-header-display":"","site-post-title":"","ast-breadcrumbs-content":"","ast-featured-img":"","footer-sml-layout":"","ast-disable-related-posts":"","theme-transparent-header-meta":"","adv-header-id-meta":"","stick-header-meta":"","header-above-stick-meta":"","header-main-stick-meta":"","header-below-stick-meta":"","astra-migrate-meta-layouts":"default","ast-page-background-enabled":"default","ast-page-background-meta":{"desktop":{"background-color":"var(--ast-global-color-5)","background-image":"","background-repeat":"repeat","background-position":"center center","background-size":"auto","background-attachment":"scroll","background-type":"","background-media":"","overlay-type":"","overlay-color":"","overlay-opacity":"","overlay-gradient":""},"tablet":{"background-color":"","background-image":"","background-repeat":"repeat","background-position":"center center","background-size":"auto","background-attachment":"scroll","background-type":"","background-media":"","overlay-type":"","overlay-color":"","overlay-opacity":"","overlay-gradient":""},"mobile":{"background-color":"","background-image":"","background-repeat":"repeat","background-position":"center center","background-size":"auto","background-attachment":"scroll","background-type":"","background-media":"","overlay-type":"","overlay-color":"","overlay-opacity":"","overlay-gradient":""}},"ast-content-background-meta":{"desktop":{"background-color":"var(--ast-global-color-4)","background-image":"","background-repeat":"repeat","background-position":"center center","background-size":"auto","background-attachment":"scroll","background-type":"","background-media":"","overlay-type":"","overlay-color":"","overlay-opacity":"","overlay-gradient":""},"tablet":{"background-color":"var(--ast-global-color-4)","background-image":"","background-repeat":"repeat","background-position":"center center","background-size":"auto","background-attachment":"scroll","background-type":"","background-media":"","overlay-type":"","overlay-color":"","overlay-opacity":"","overlay-gradient":""},"mobile":{"background-color":"var(--ast-global-color-4)","background-image":"","background-repeat":"repeat","background-position":"center center","background-size":"auto","background-attachment":"scroll","background-type":"","background-media":"","overlay-type":"","overlay-color":"","overlay-opacity":"","overlay-gradient":""}},"footnotes":""},"class_list":["post-363","page","type-page","status-publish","hentry"],"_links":{"self":[{"href":"https:\/\/posgradofi.com.mx\/coniin2026\/wp-json\/wp\/v2\/pages\/363","targetHints":{"allow":["GET"]}}],"collection":[{"href":"https:\/\/posgradofi.com.mx\/coniin2026\/wp-json\/wp\/v2\/pages"}],"about":[{"href":"https:\/\/posgradofi.com.mx\/coniin2026\/wp-json\/wp\/v2\/types\/page"}],"author":[{"embeddable":true,"href":"https:\/\/posgradofi.com.mx\/coniin2026\/wp-json\/wp\/v2\/users\/2"}],"replies":[{"embeddable":true,"href":"https:\/\/posgradofi.com.mx\/coniin2026\/wp-json\/wp\/v2\/comments?post=363"}],"version-history":[{"count":8,"href":"https:\/\/posgradofi.com.mx\/coniin2026\/wp-json\/wp\/v2\/pages\/363\/revisions"}],"predecessor-version":[{"id":950,"href":"https:\/\/posgradofi.com.mx\/coniin2026\/wp-json\/wp\/v2\/pages\/363\/revisions\/950"}],"wp:attachment":[{"href":"https:\/\/posgradofi.com.mx\/coniin2026\/wp-json\/wp\/v2\/media?parent=363"}],"curies":[{"name":"wp","href":"https:\/\/api.w.org\/{rel}","templated":true}]}}