{"id":23,"date":"2026-02-12T19:29:57","date_gmt":"2026-02-12T19:29:57","guid":{"rendered":"https:\/\/posgradofi.com.mx\/coniin_web\/?page_id=23"},"modified":"2026-02-27T18:43:43","modified_gmt":"2026-02-27T18:43:43","slug":"convocatoria-coniin-2026","status":"publish","type":"page","link":"https:\/\/posgradofi.com.mx\/coniin2026\/","title":{"rendered":"CONIIN 2026"},"content":{"rendered":"\n<div class=\"wp-block-essential-blocks-text  root-eb-text-k4tup\"><div class=\"eb-parent-wrapper eb-parent-eb-text-k4tup \"><div class=\"eb-text-wrapper eb-text-k4tup\" data-id=\"eb-text-k4tup\"><p class=\"eb-text\"><em><strong>11 al 15 de mayo de 2026 \u2013 Modalidad presencial Centro Universitario y campus de la Universidad Aut\u00f3noma de Quer\u00e9taro<\/strong><\/em><br><br>La Facultad de Ingenier\u00eda de la Universidad Aut\u00f3noma de Quer\u00e9taro (UAQ) invita a la comunidad acad\u00e9mica, cient\u00edfica, tecnol\u00f3gica e industrial, a nivel nacional e internacional, a participar en el Congreso Internacional de Ingenier\u00eda CONIIN 2026 \u201cSinergia e Ingenier\u00eda: di\u00e1logo multidisciplinario para los desaf\u00edos del futuro\u201d.<br>El CONIIN 2026 tiene como objetivo promover el intercambio de conocimiento, experiencias y avances cient\u00edficos y tecnol\u00f3gicos entre estudiantes, profesorado, personal investigador y profesionistas, fomentando la colaboraci\u00f3n interdisciplinaria para atender los retos actuales y futuros de la ingenier\u00eda y su impacto social.<br>Se convoca a la presentaci\u00f3n de trabajos originales e in\u00e9ditos que contribuyan al desarrollo del conocimiento cient\u00edfico, tecnol\u00f3gico y aplicado, los cuales ser\u00e1n evaluados por un comit\u00e9 acad\u00e9mico mediante revisi\u00f3n por pares.<br>Los trabajos aceptados ser\u00e1n presentados durante el congreso en modalidad presentaci\u00f3n oral o sesi\u00f3n de p\u00f3sters, y formar\u00e1n parte de las memorias oficiales del CONIIN 2026.<\/p><\/div><\/div><\/div>\n\n\n\n<p><\/p>\n","protected":false},"excerpt":{"rendered":"","protected":false},"author":2,"featured_media":75,"parent":0,"menu_order":0,"comment_status":"closed","ping_status":"closed","template":"","meta":{"_eb_attr":"","site-sidebar-layout":"default","site-content-layout":"","ast-site-content-layout":"default","site-content-style":"default","site-sidebar-style":"default","ast-global-header-display":"","ast-banner-title-visibility":"","ast-main-header-display":"","ast-hfb-above-header-display":"","ast-hfb-below-header-display":"","ast-hfb-mobile-header-display":"","site-post-title":"","ast-breadcrumbs-content":"","ast-featured-img":"","footer-sml-layout":"","ast-disable-related-posts":"","theme-transparent-header-meta":"","adv-header-id-meta":"","stick-header-meta":"","header-above-stick-meta":"","header-main-stick-meta":"","header-below-stick-meta":"","astra-migrate-meta-layouts":"default","ast-page-background-enabled":"default","ast-page-background-meta":{"desktop":{"background-color":"var(--ast-global-color-5)","background-image":"","background-repeat":"repeat","background-position":"center center","background-size":"auto","background-attachment":"scroll","background-type":"","background-media":"","overlay-type":"","overlay-color":"","overlay-opacity":"","overlay-gradient":""},"tablet":{"background-color":"","background-image":"","background-repeat":"repeat","background-position":"center center","background-size":"auto","background-attachment":"scroll","background-type":"","background-media":"","overlay-type":"","overlay-color":"","overlay-opacity":"","overlay-gradient":""},"mobile":{"background-color":"","background-image":"","background-repeat":"repeat","background-position":"center center","background-size":"auto","background-attachment":"scroll","background-type":"","background-media":"","overlay-type":"","overlay-color":"","overlay-opacity":"","overlay-gradient":""}},"ast-content-background-meta":{"desktop":{"background-color":"var(--ast-global-color-4)","background-image":"","background-repeat":"repeat","background-position":"center center","background-size":"auto","background-attachment":"scroll","background-type":"","background-media":"","overlay-type":"","overlay-color":"","overlay-opacity":"","overlay-gradient":""},"tablet":{"background-color":"var(--ast-global-color-4)","background-image":"","background-repeat":"repeat","background-position":"center center","background-size":"auto","background-attachment":"scroll","background-type":"","background-media":"","overlay-type":"","overlay-color":"","overlay-opacity":"","overlay-gradient":""},"mobile":{"background-color":"var(--ast-global-color-4)","background-image":"","background-repeat":"repeat","background-position":"center center","background-size":"auto","background-attachment":"scroll","background-type":"","background-media":"","overlay-type":"","overlay-color":"","overlay-opacity":"","overlay-gradient":""}},"footnotes":""},"class_list":["post-23","page","type-page","status-publish","has-post-thumbnail","hentry"],"_links":{"self":[{"href":"https:\/\/posgradofi.com.mx\/coniin2026\/wp-json\/wp\/v2\/pages\/23","targetHints":{"allow":["GET"]}}],"collection":[{"href":"https:\/\/posgradofi.com.mx\/coniin2026\/wp-json\/wp\/v2\/pages"}],"about":[{"href":"https:\/\/posgradofi.com.mx\/coniin2026\/wp-json\/wp\/v2\/types\/page"}],"author":[{"embeddable":true,"href":"https:\/\/posgradofi.com.mx\/coniin2026\/wp-json\/wp\/v2\/users\/2"}],"replies":[{"embeddable":true,"href":"https:\/\/posgradofi.com.mx\/coniin2026\/wp-json\/wp\/v2\/comments?post=23"}],"version-history":[{"count":36,"href":"https:\/\/posgradofi.com.mx\/coniin2026\/wp-json\/wp\/v2\/pages\/23\/revisions"}],"predecessor-version":[{"id":661,"href":"https:\/\/posgradofi.com.mx\/coniin2026\/wp-json\/wp\/v2\/pages\/23\/revisions\/661"}],"wp:featuredmedia":[{"embeddable":true,"href":"https:\/\/posgradofi.com.mx\/coniin2026\/wp-json\/wp\/v2\/media\/75"}],"wp:attachment":[{"href":"https:\/\/posgradofi.com.mx\/coniin2026\/wp-json\/wp\/v2\/media?parent=23"}],"curies":[{"name":"wp","href":"https:\/\/api.w.org\/{rel}","templated":true}]}}